{"id":102,"date":"2024-09-20T12:38:54","date_gmt":"2024-09-20T12:38:54","guid":{"rendered":"https:\/\/www.pravdolaskar.com\/?page_id=102"},"modified":"2024-09-20T12:41:09","modified_gmt":"2024-09-20T12:41:09","slug":"probihaji-stavebni-prace","status":"publish","type":"page","link":"https:\/\/www.pravdolaskar.com\/","title":{"rendered":"Prob\u00edhaj\u00ed stavebn\u00ed pr\u00e1ce!"},"content":{"rendered":"\n<p>Bohu\u017eel v\u00e1m zat\u00edm nem\u00e1me co uk\u00e1zat, ale nezoufejte! Na\u00a0tvorb\u011b na\u0161ich webovek intenzivn\u011b pracujeme.<\/p>\n\n\n\n<p><\/p>\n","protected":false},"excerpt":{"rendered":"<p>Bohu\u017eel v\u00e1m zat\u00edm nem\u00e1me co uk\u00e1zat, ale nezoufejte! Na\u00a0tvorb\u011b na\u0161ich webovek intenzivn\u011b pracujeme.<\/p>\n","protected":false},"author":2,"featured_media":105,"parent":0,"menu_order":0,"comment_status":"closed","ping_status":"closed","template":"","meta":{"footnotes":""},"class_list":["post-102","page","type-page","status-publish","has-post-thumbnail","hentry"],"yoast_head":"<!-- This site is optimized with the Yoast SEO plugin v18.2 - https:\/\/yoast.com\/wordpress\/plugins\/seo\/ -->\n<meta name=\"robots\" content=\"index, follow, max-snippet:-1, max-image-preview:large, max-video-preview:-1\" \/>\n<link rel=\"canonical\" href=\"https:\/\/www.pravdolaskar.com\/\" \/>\n<meta property=\"og:locale\" content=\"cs_CZ\" \/>\n<meta property=\"og:type\" content=\"article\" \/>\n<meta property=\"og:title\" content=\"Prob\u00edhaj\u00ed stavebn\u00ed pr\u00e1ce! - Pravdol\u00e1ska\u0159\" \/>\n<meta property=\"og:description\" content=\"Bohu\u017eel v\u00e1m zat\u00edm nem\u00e1me co uk\u00e1zat, ale nezoufejte! Na\u00a0tvorb\u011b na\u0161ich webovek intenzivn\u011b pracujeme.\" \/>\n<meta property=\"og:url\" content=\"https:\/\/www.pravdolaskar.com\/\" \/>\n<meta property=\"og:site_name\" content=\"Pravdol\u00e1ska\u0159\" \/>\n<meta property=\"article:modified_time\" content=\"2024-09-20T12:41:09+00:00\" \/>\n<meta name=\"twitter:card\" content=\"summary_large_image\" \/>\n<script type=\"application\/ld+json\" class=\"yoast-schema-graph\">{\"@context\":\"https:\/\/schema.org\",\"@graph\":[{\"@type\":\"WebSite\",\"@id\":\"https:\/\/www.pravdolaskar.com\/#website\",\"url\":\"https:\/\/www.pravdolaskar.com\/\",\"name\":\"Pravdol\u00e1ska\u0159\",\"description\":\"Tvo\u0159eno s l\u00e1skou a pravdou v \u010desk\u00e9 republice\",\"potentialAction\":[{\"@type\":\"SearchAction\",\"target\":{\"@type\":\"EntryPoint\",\"urlTemplate\":\"https:\/\/www.pravdolaskar.com\/?s={search_term_string}\"},\"query-input\":\"required name=search_term_string\"}],\"inLanguage\":\"cs\"},{\"@type\":\"ImageObject\",\"@id\":\"https:\/\/www.pravdolaskar.com\/#primaryimage\",\"inLanguage\":\"cs\",\"url\":\"https:\/\/www.pravdolaskar.com\/wp-content\/uploads\/2024\/09\/AdobeStock_562516350.jpeg\",\"contentUrl\":\"https:\/\/www.pravdolaskar.com\/wp-content\/uploads\/2024\/09\/AdobeStock_562516350.jpeg\",\"width\":9000,\"height\":5204},{\"@type\":\"WebPage\",\"@id\":\"https:\/\/www.pravdolaskar.com\/#webpage\",\"url\":\"https:\/\/www.pravdolaskar.com\/\",\"name\":\"Prob\u00edhaj\u00ed stavebn\u00ed pr\u00e1ce! - Pravdol\u00e1ska\u0159\",\"isPartOf\":{\"@id\":\"https:\/\/www.pravdolaskar.com\/#website\"},\"primaryImageOfPage\":{\"@id\":\"https:\/\/www.pravdolaskar.com\/#primaryimage\"},\"datePublished\":\"2024-09-20T12:38:54+00:00\",\"dateModified\":\"2024-09-20T12:41:09+00:00\",\"breadcrumb\":{\"@id\":\"https:\/\/www.pravdolaskar.com\/#breadcrumb\"},\"inLanguage\":\"cs\",\"potentialAction\":[{\"@type\":\"ReadAction\",\"target\":[\"https:\/\/www.pravdolaskar.com\/\"]}]},{\"@type\":\"BreadcrumbList\",\"@id\":\"https:\/\/www.pravdolaskar.com\/#breadcrumb\",\"itemListElement\":[{\"@type\":\"ListItem\",\"position\":1,\"name\":\"Dom\u016f\",\"item\":\"https:\/\/www.pravdolaskar.com\/\"},{\"@type\":\"ListItem\",\"position\":2,\"name\":\"Prob\u00edhaj\u00ed stavebn\u00ed pr\u00e1ce!\"}]}]}<\/script>\n<!-- \/ Yoast SEO plugin. -->","yoast_head_json":{"robots":{"index":"index","follow":"follow","max-snippet":"max-snippet:-1","max-image-preview":"max-image-preview:large","max-video-preview":"max-video-preview:-1"},"canonical":"https:\/\/www.pravdolaskar.com\/","og_locale":"cs_CZ","og_type":"article","og_title":"Prob\u00edhaj\u00ed stavebn\u00ed pr\u00e1ce! - Pravdol\u00e1ska\u0159","og_description":"Bohu\u017eel v\u00e1m zat\u00edm nem\u00e1me co uk\u00e1zat, ale nezoufejte! Na\u00a0tvorb\u011b na\u0161ich webovek intenzivn\u011b pracujeme.","og_url":"https:\/\/www.pravdolaskar.com\/","og_site_name":"Pravdol\u00e1ska\u0159","article_modified_time":"2024-09-20T12:41:09+00:00","twitter_card":"summary_large_image","schema":{"@context":"https:\/\/schema.org","@graph":[{"@type":"WebSite","@id":"https:\/\/www.pravdolaskar.com\/#website","url":"https:\/\/www.pravdolaskar.com\/","name":"Pravdol\u00e1ska\u0159","description":"Tvo\u0159eno s l\u00e1skou a pravdou v \u010desk\u00e9 republice","potentialAction":[{"@type":"SearchAction","target":{"@type":"EntryPoint","urlTemplate":"https:\/\/www.pravdolaskar.com\/?s={search_term_string}"},"query-input":"required name=search_term_string"}],"inLanguage":"cs"},{"@type":"ImageObject","@id":"https:\/\/www.pravdolaskar.com\/#primaryimage","inLanguage":"cs","url":"https:\/\/www.pravdolaskar.com\/wp-content\/uploads\/2024\/09\/AdobeStock_562516350.jpeg","contentUrl":"https:\/\/www.pravdolaskar.com\/wp-content\/uploads\/2024\/09\/AdobeStock_562516350.jpeg","width":9000,"height":5204},{"@type":"WebPage","@id":"https:\/\/www.pravdolaskar.com\/#webpage","url":"https:\/\/www.pravdolaskar.com\/","name":"Prob\u00edhaj\u00ed stavebn\u00ed pr\u00e1ce! - Pravdol\u00e1ska\u0159","isPartOf":{"@id":"https:\/\/www.pravdolaskar.com\/#website"},"primaryImageOfPage":{"@id":"https:\/\/www.pravdolaskar.com\/#primaryimage"},"datePublished":"2024-09-20T12:38:54+00:00","dateModified":"2024-09-20T12:41:09+00:00","breadcrumb":{"@id":"https:\/\/www.pravdolaskar.com\/#breadcrumb"},"inLanguage":"cs","potentialAction":[{"@type":"ReadAction","target":["https:\/\/www.pravdolaskar.com\/"]}]},{"@type":"BreadcrumbList","@id":"https:\/\/www.pravdolaskar.com\/#breadcrumb","itemListElement":[{"@type":"ListItem","position":1,"name":"Dom\u016f","item":"https:\/\/www.pravdolaskar.com\/"},{"@type":"ListItem","position":2,"name":"Prob\u00edhaj\u00ed stavebn\u00ed pr\u00e1ce!"}]}]}},"_links":{"self":[{"href":"https:\/\/www.pravdolaskar.com\/index.php?rest_route=\/wp\/v2\/pages\/102","targetHints":{"allow":["GET"]}}],"collection":[{"href":"https:\/\/www.pravdolaskar.com\/index.php?rest_route=\/wp\/v2\/pages"}],"about":[{"href":"https:\/\/www.pravdolaskar.com\/index.php?rest_route=\/wp\/v2\/types\/page"}],"author":[{"embeddable":true,"href":"https:\/\/www.pravdolaskar.com\/index.php?rest_route=\/wp\/v2\/users\/2"}],"replies":[{"embeddable":true,"href":"https:\/\/www.pravdolaskar.com\/index.php?rest_route=%2Fwp%2Fv2%2Fcomments&post=102"}],"version-history":[{"count":1,"href":"https:\/\/www.pravdolaskar.com\/index.php?rest_route=\/wp\/v2\/pages\/102\/revisions"}],"predecessor-version":[{"id":104,"href":"https:\/\/www.pravdolaskar.com\/index.php?rest_route=\/wp\/v2\/pages\/102\/revisions\/104"}],"wp:featuredmedia":[{"embeddable":true,"href":"https:\/\/www.pravdolaskar.com\/index.php?rest_route=\/wp\/v2\/media\/105"}],"wp:attachment":[{"href":"https:\/\/www.pravdolaskar.com\/index.php?rest_route=%2Fwp%2Fv2%2Fmedia&parent=102"}],"curies":[{"name":"wp","href":"https:\/\/api.w.org\/{rel}","templated":true}]}}